{"id":11403,"date":"2026-02-09T08:57:05","date_gmt":"2026-02-09T08:57:05","guid":{"rendered":"https:\/\/mrfoxcasting.com\/?page_id=11403"},"modified":"2026-04-10T04:57:53","modified_gmt":"2026-04-10T03:57:53","slug":"browse","status":"publish","type":"page","link":"https:\/\/mrfoxcasting.com\/en\/browse\/","title":{"rendered":"Browse"},"content":{"rendered":"<div data-elementor-type=\"wp-page\" data-elementor-id=\"11403\" class=\"elementor elementor-11403\">\n\t\t\t\t\t\t<section class=\"elementor-section elementor-top-section elementor-element elementor-element-6fd75d43 elementor-section-full_width elementor-section-height-default elementor-section-height-default\" data-id=\"6fd75d43\" data-element_type=\"section\" data-e-type=\"section\">\r\n\t\t\t\t\t\t<div class=\"elementor-container elementor-column-gap-default jws_section_\" >\r\n\t\t\t\t<div class=\"elementor-column elementor-col-100 elementor-top-column elementor-element elementor-element-3ad8aed3\" data-id=\"3ad8aed3\" data-element_type=\"column\" data-e-type=\"column\">\n\t\t\t<div class=\"elementor-widget-wrap elementor-element-populated\">\n\t\t\t\t\t\t<div class=\"elementor-element elementor-element-5241d653 elementor-widget elementor-widget-jws_filter_advanced\" data-id=\"5241d653\" data-element_type=\"widget\" data-e-type=\"widget\" data-widget_type=\"jws_filter_advanced.default\">\n\t\t\t\t<div class=\"elementor-widget-container\">\n\t\t\t\t\t        <div class=\"jws-filter-advanced-element filter-layout-checkbox\" data-widget-id=\"5241d653\">\n                    <h5 class=\"filter-title\"><i class=\"jws-icon-squares-four\"><\/i>Content<\/h5> \n                                    <!-- Toggle Filter Button -->\n                <div class=\"filter-toggle-wrap\">\n                    <button class=\"filter-toggle-btn\">\n                    <svg xmlns=\"http:\/\/www.w3.org\/2000\/svg\" viewbox=\"0 0 256 256\"><rect width=\"256\" height=\"256\" fill=\"none\"\/><path d=\"M34.1,61.38A8,8,0,0,1,40,48H216a8,8,0,0,1,5.92,13.38L152,136v58.65a8,8,0,0,1-3.56,6.66l-32,21.33A8,8,0,0,1,104,216V136Z\" fill=\"none\" stroke=\"currentColor\" stroke-linecap=\"round\" stroke-linejoin=\"round\" stroke-width=\"16\"\/><\/svg><span>Filters<\/span>\n                    <\/button>\n                <\/div>\n                \n                <!-- Filter Bar -->\n                <div class=\"filter-bar post-select-filter filter-dropdown\">\n                \n                \n                <div class=\"filter-controls\">\n                    \n                                                    <!-- Post Type Filter -->\n        <div class=\"filter-group filter-post-type\">\n            <div class=\"filter-group-title\">Type<\/div>\n            <div class=\"filter-options\">\n                <label class=\"filter-checkbox\">\n                    <input type=\"radio\" name=\"filter_type\" value=\"all\"  checked='checked'>\n                    <span>All<\/span>\n                <\/label>\n                <label class=\"filter-checkbox\">\n                    <input type=\"radio\" name=\"filter_type\" value=\"movies\" >\n                    <span>Movies<\/span>\n                <\/label>\n                <label class=\"filter-checkbox\">\n                    <input type=\"radio\" name=\"filter_type\" value=\"tv_shows\" >\n                    <span>TV Shows<\/span>\n                <\/label>\n            <\/div>\n        <\/div>\n\n        \n                <div class=\"filter-group filter-countries\">\n            <div class=\"filter-group-title\">Countries<\/div>\n            <div class=\"filter-options filter-scrollable\">\n                <label class=\"filter-checkbox\">\n                    <input type=\"checkbox\" name=\"countries[]\" value=\"\" class=\"filter-all\" data-group=\"countries\"  checked='checked'>\n                    <span>All<\/span>\n                <\/label>\n                                    <label class=\"filter-checkbox\">\n                        <input type=\"checkbox\" name=\"countries[]\" value=\"peruanas\" class=\"filter-item\" data-group=\"countries\" >\n                        <span>Peruanas<\/span>\n                    <\/label>\n                            <\/div>\n        <\/div>\n        \n        \n                <div class=\"filter-group filter-year\">\n            <div class=\"filter-group-title\">Year<\/div>\n            <div class=\"filter-options filter-scrollable\">\n                <label class=\"filter-checkbox\">\n                    <input type=\"checkbox\" name=\"video_year[]\" value=\"\" class=\"filter-all\" data-group=\"year\"  checked='checked'>\n                    <span>All<\/span>\n                <\/label>\n                                    <label class=\"filter-checkbox\">\n                        <input type=\"checkbox\" name=\"video_year[]\" value=\"2025\" class=\"filter-item\" data-group=\"year\" >\n                        <span>2025<\/span> \n                    <\/label>\n                                    <label class=\"filter-checkbox\">\n                        <input type=\"checkbox\" name=\"video_year[]\" value=\"2026\" class=\"filter-item\" data-group=\"year\" >\n                        <span>2026<\/span> \n                    <\/label>\n                            <\/div>\n        <\/div>\n        \n        <div class=\"filter-group filter-sort\">\n            <div class=\"filter-group-title\">Sort By<\/div>\n            <div class=\"filter-options\">\n                                        <label class=\"filter-checkbox\">\n                            <input type=\"radio\" name=\"orderby\" value=\"latest\"  checked='checked'>\n                            <span>Latest<\/span>\n                        <\/label>\n                                                <label class=\"filter-checkbox\">\n                            <input type=\"radio\" name=\"orderby\" value=\"views\" >\n                            <span>Most Viewed<\/span>\n                        <\/label>\n                                    <\/div>\n        <\/div>\n                            \n                <\/div>\n\n                                <div class=\"filter-actions\">\n                    <button class=\"filter-apply-btn button-default\">\n                        Apply Filters                    <\/button>\n                    <button class=\"filter-close-btn button-custom\">\n                        Close                    <\/button>\n                <\/div>\n                            <\/div>\n\n            <!-- Results Container -->\n            <div class=\"filter-results jws-movies_advanced-element\" data-settings='{\"posts_per_page\":24,\"columns\":\"8\",\"widget_id\":\"5241d653\",\"filter_layout\":\"checkbox\",\"movies_advanced_layouts\":\"layout8\",\"movies_advanced_image_size\":{\"width\":\"\",\"height\":\"\"}}'>\n                <div class=\"movies_advanced_content layout8 posts-grid row columns-8\">                <div class=\"jws-post-item post-item movies\">\n                    \n<div class=\"post-inner hover-video hover-2\">\n\n    <div class=\"post-media\" data-trailer=\"https:\/\/customer-342mt1gy0ibqe0dl.cloudflarestream.com\/041d1c3ca67c6ca61855cd192ede5eb9\/downloads\/default.mp4\" data-poster=\"https:\/\/mrfoxcasting.com\/wp-content\/uploads\/2026\/04\/0007.jpg\">\n        <a href=\"https:\/\/mrfoxcasting.com\/en\/video\/casting-7\/\">\n            <img class='attachment-630x400 size-630x400' alt='' src=\"https:\/\/mrfoxcasting.com\/wp-content\/uploads\/2026\/04\/0007-630x400.jpg\" ><div class=\"jws-premium-icons\"><span class=\"jws-premium jws-icon-handbag-fill\"><\/span><\/div>        <\/a>\n            \n    <\/div>\n    <div class=\"videos-content\">\n        <h6 class=\"video_title lm-1\">\n           <a href=\"https:\/\/mrfoxcasting.com\/en\/video\/casting-7\/\">\n                 Casting #7           <\/a> \n        <\/h6>\n        <div class=\"video-cat\">\n                    <\/div>  \n    <\/div>\n    <div class=\"popup-detail\">\n        <h6 class=\"video_title\">\n           <a href=\"https:\/\/mrfoxcasting.com\/en\/video\/casting-7\/\">\n                 Casting #7           <\/a> \n        <\/h6>\n        <div class=\"video-play\">\n            <a class=\"btn-main button-default\" href=\"https:\/\/mrfoxcasting.com\/en\/video\/casting-7\/\">\n                <i class=\"jws-icon-play-fill\"><\/i>\n                Play Now            <\/a>\n                    <\/div>\n        <div class=\"jws-meta-info-extra\"> \n                    <\/div>\n        <div class=\"video-cat\">\n             \n        <\/div>\n    <\/div>\n<\/div>                <\/div>\n                                <div class=\"jws-post-item post-item movies\">\n                    \n<div class=\"post-inner hover-video hover-2\">\n\n    <div class=\"post-media\" data-trailer=\"https:\/\/streamvid.jwsuperthemes.com\/a8ad50e2-7731-4ece-ac07-368662bc54d3\" data-poster=\"https:\/\/mrfoxcasting.com\/wp-content\/uploads\/2026\/04\/006.jpg\">\n        <a href=\"https:\/\/mrfoxcasting.com\/en\/video\/casting-6\/\">\n            <img class='attachment-630x400 size-630x400' alt='' src=\"https:\/\/mrfoxcasting.com\/wp-content\/uploads\/2026\/04\/006-630x400.jpg\" ><div class=\"jws-premium-icons\"><span class=\"jws-premium jws-icon-handbag-fill\"><\/span><\/div>        <\/a>\n            \n    <\/div>\n    <div class=\"videos-content\">\n        <h6 class=\"video_title lm-1\">\n           <a href=\"https:\/\/mrfoxcasting.com\/en\/video\/casting-6\/\">\n                 Casting #6           <\/a> \n        <\/h6>\n        <div class=\"video-cat\">\n                    <\/div>  \n    <\/div>\n    <div class=\"popup-detail\">\n        <h6 class=\"video_title\">\n           <a href=\"https:\/\/mrfoxcasting.com\/en\/video\/casting-6\/\">\n                 Casting #6           <\/a> \n        <\/h6>\n        <div class=\"video-play\">\n            <a class=\"btn-main button-default\" href=\"https:\/\/mrfoxcasting.com\/en\/video\/casting-6\/\">\n                <i class=\"jws-icon-play-fill\"><\/i>\n                Play Now            <\/a>\n                    <\/div>\n        <div class=\"jws-meta-info-extra\"> \n                    <\/div>\n        <div class=\"video-cat\">\n             \n        <\/div>\n    <\/div>\n<\/div>                <\/div>\n                                <div class=\"jws-post-item post-item movies\">\n                    \n<div class=\"post-inner hover-video hover-2\">\n\n    <div class=\"post-media\" data-trailer=\"\" data-poster=\"https:\/\/mrfoxcasting.com\/wp-content\/uploads\/2026\/04\/005-1.jpg\">\n        <a href=\"https:\/\/mrfoxcasting.com\/en\/video\/casting-5\/\">\n            <img class='attachment-630x400 size-630x400' alt='' src=\"https:\/\/mrfoxcasting.com\/wp-content\/uploads\/2026\/04\/005-1-630x400.jpg\" ><div class=\"jws-premium-icons\"><span class=\"jws-premium jws-icon-handbag-fill\"><\/span><\/div>        <\/a>\n            \n    <\/div>\n    <div class=\"videos-content\">\n        <h6 class=\"video_title lm-1\">\n           <a href=\"https:\/\/mrfoxcasting.com\/en\/video\/casting-5\/\">\n                 Casting #5           <\/a> \n        <\/h6>\n        <div class=\"video-cat\">\n                    <\/div>  \n    <\/div>\n    <div class=\"popup-detail\">\n        <h6 class=\"video_title\">\n           <a href=\"https:\/\/mrfoxcasting.com\/en\/video\/casting-5\/\">\n                 Casting #5           <\/a> \n        <\/h6>\n        <div class=\"video-play\">\n            <a class=\"btn-main button-default\" href=\"https:\/\/mrfoxcasting.com\/en\/video\/casting-5\/\">\n                <i class=\"jws-icon-play-fill\"><\/i>\n                Play Now            <\/a>\n                    <\/div>\n        <div class=\"jws-meta-info-extra\"> \n                    <\/div>\n        <div class=\"video-cat\">\n             \n        <\/div>\n    <\/div>\n<\/div>                <\/div>\n                                <div class=\"jws-post-item post-item movies\">\n                    \n<div class=\"post-inner hover-video hover-2\">\n\n    <div class=\"post-media\" data-trailer=\"\" data-poster=\"https:\/\/mrfoxcasting.com\/wp-content\/uploads\/2026\/04\/004.jpg\">\n        <a href=\"https:\/\/mrfoxcasting.com\/en\/video\/casting-4\/\">\n            <img class='attachment-630x400 size-630x400' alt='' src=\"https:\/\/mrfoxcasting.com\/wp-content\/uploads\/2026\/04\/004-630x400.jpg\" ><div class=\"jws-premium-icons\"><span class=\"jws-premium jws-icon-handbag-fill\"><\/span><\/div>        <\/a>\n            \n    <\/div>\n    <div class=\"videos-content\">\n        <h6 class=\"video_title lm-1\">\n           <a href=\"https:\/\/mrfoxcasting.com\/en\/video\/casting-4\/\">\n                 Casting #4           <\/a> \n        <\/h6>\n        <div class=\"video-cat\">\n                    <\/div>  \n    <\/div>\n    <div class=\"popup-detail\">\n        <h6 class=\"video_title\">\n           <a href=\"https:\/\/mrfoxcasting.com\/en\/video\/casting-4\/\">\n                 Casting #4           <\/a> \n        <\/h6>\n        <div class=\"video-play\">\n            <a class=\"btn-main button-default\" href=\"https:\/\/mrfoxcasting.com\/en\/video\/casting-4\/\">\n                <i class=\"jws-icon-play-fill\"><\/i>\n                Play Now            <\/a>\n                    <\/div>\n        <div class=\"jws-meta-info-extra\"> \n                    <\/div>\n        <div class=\"video-cat\">\n             \n        <\/div>\n    <\/div>\n<\/div>                <\/div>\n                                <div class=\"jws-post-item post-item movies\">\n                    \n<div class=\"post-inner hover-video hover-2\">\n\n    <div class=\"post-media\" data-trailer=\"\" data-poster=\"https:\/\/mrfoxcasting.com\/wp-content\/uploads\/2026\/04\/003.jpg\">\n        <a href=\"https:\/\/mrfoxcasting.com\/en\/video\/casting-3\/\">\n            <img class='attachment-630x400 size-630x400' alt='' src=\"https:\/\/mrfoxcasting.com\/wp-content\/uploads\/2026\/04\/003-630x400.jpg\" ><div class=\"jws-premium-icons\"><span class=\"jws-premium jws-icon-handbag-fill\"><\/span><\/div>        <\/a>\n            \n    <\/div>\n    <div class=\"videos-content\">\n        <h6 class=\"video_title lm-1\">\n           <a href=\"https:\/\/mrfoxcasting.com\/en\/video\/casting-3\/\">\n                 Casting #3           <\/a> \n        <\/h6>\n        <div class=\"video-cat\">\n                    <\/div>  \n    <\/div>\n    <div class=\"popup-detail\">\n        <h6 class=\"video_title\">\n           <a href=\"https:\/\/mrfoxcasting.com\/en\/video\/casting-3\/\">\n                 Casting #3           <\/a> \n        <\/h6>\n        <div class=\"video-play\">\n            <a class=\"btn-main button-default\" href=\"https:\/\/mrfoxcasting.com\/en\/video\/casting-3\/\">\n                <i class=\"jws-icon-play-fill\"><\/i>\n                Play Now            <\/a>\n                    <\/div>\n        <div class=\"jws-meta-info-extra\"> \n                    <\/div>\n        <div class=\"video-cat\">\n             \n        <\/div>\n    <\/div>\n<\/div>                <\/div>\n                                <div class=\"jws-post-item post-item movies\">\n                    \n<div class=\"post-inner hover-video hover-2\">\n\n    <div class=\"post-media\" data-trailer=\"\" data-poster=\"https:\/\/mrfoxcasting.com\/wp-content\/uploads\/2026\/04\/002.jpg\">\n        <a href=\"https:\/\/mrfoxcasting.com\/en\/video\/casting-2\/\">\n            <img class='attachment-630x400 size-630x400' alt='' src=\"https:\/\/mrfoxcasting.com\/wp-content\/uploads\/2026\/04\/002-630x400.jpg\" ><div class=\"jws-premium-icons\"><span class=\"jws-premium jws-icon-handbag-fill\"><\/span><\/div>        <\/a>\n            \n    <\/div>\n    <div class=\"videos-content\">\n        <h6 class=\"video_title lm-1\">\n           <a href=\"https:\/\/mrfoxcasting.com\/en\/video\/casting-2\/\">\n                 Casting #2           <\/a> \n        <\/h6>\n        <div class=\"video-cat\">\n                    <\/div>  \n    <\/div>\n    <div class=\"popup-detail\">\n        <h6 class=\"video_title\">\n           <a href=\"https:\/\/mrfoxcasting.com\/en\/video\/casting-2\/\">\n                 Casting #2           <\/a> \n        <\/h6>\n        <div class=\"video-play\">\n            <a class=\"btn-main button-default\" href=\"https:\/\/mrfoxcasting.com\/en\/video\/casting-2\/\">\n                <i class=\"jws-icon-play-fill\"><\/i>\n                Play Now            <\/a>\n                    <\/div>\n        <div class=\"jws-meta-info-extra\"> \n                    <\/div>\n        <div class=\"video-cat\">\n             \n        <\/div>\n    <\/div>\n<\/div>                <\/div>\n                                <div class=\"jws-post-item post-item movies\">\n                    \n<div class=\"post-inner hover-video hover-2\">\n\n    <div class=\"post-media\" data-trailer=\"\" data-poster=\"https:\/\/mrfoxcasting.com\/wp-content\/uploads\/2026\/04\/001.png\">\n        <a href=\"https:\/\/mrfoxcasting.com\/en\/video\/casting-1\/\">\n            <img class='attachment-630x400 size-630x400' alt='' src=\"https:\/\/mrfoxcasting.com\/wp-content\/uploads\/2026\/04\/001-630x400.png\" ><div class=\"jws-premium-icons\"><span class=\"jws-premium jws-icon-handbag-fill\"><\/span><\/div>        <\/a>\n            \n    <\/div>\n    <div class=\"videos-content\">\n        <h6 class=\"video_title lm-1\">\n           <a href=\"https:\/\/mrfoxcasting.com\/en\/video\/casting-1\/\">\n                 Casting # 1           <\/a> \n        <\/h6>\n        <div class=\"video-cat\">\n                    <\/div>  \n    <\/div>\n    <div class=\"popup-detail\">\n        <h6 class=\"video_title\">\n           <a href=\"https:\/\/mrfoxcasting.com\/en\/video\/casting-1\/\">\n                 Casting # 1           <\/a> \n        <\/h6>\n        <div class=\"video-play\">\n            <a class=\"btn-main button-default\" href=\"https:\/\/mrfoxcasting.com\/en\/video\/casting-1\/\">\n                <i class=\"jws-icon-play-fill\"><\/i>\n                Play Now            <\/a>\n                    <\/div>\n        <div class=\"jws-meta-info-extra\"> \n            <div class=\"video-years\">2025<\/div>        <\/div>\n        <div class=\"video-cat\">\n             \n        <\/div>\n    <\/div>\n<\/div>                <\/div>\n                <\/div>            <\/div>\n\n        <\/div>\n        \t\t\t\t<\/div>\n\t\t\t\t<\/div>\n\t\t\t\t\t<\/div>\n\t\t<\/div>\n\t\t\t\t      \r\n            \r\n              \r\n            \r\n            \t\r\n\t\t\t<\/div>\r\n\t\t<\/section>\r\n\t\t\t\t<\/div>","protected":false},"excerpt":{"rendered":"<p>Contenido Filtros Tipo Todo Videos TV Shows Countries Todo Peruvians A\u00f1o Todo 2025 2026 Ordenar Por \u00daltimos M\u00e1s Visto Aplicar Filtros Cerrar Casting #7 Casting #7 Ver Ahora Casting #6 Casting #6 Ver Ahora Casting #5 Casting #5 Ver Ahora Casting #4 Casting #4 Ver Ahora Casting #3 Casting #3 Ver Ahora Casting #2 Casting [&hellip;]<\/p>\n","protected":false},"author":1,"featured_media":0,"parent":0,"menu_order":0,"comment_status":"closed","ping_status":"closed","template":"","meta":{"_acf_changed":false,"pmpro_default_level":"","footnotes":""},"class_list":["post-11403","page","type-page","status-publish","hentry","pmpro-has-access"],"acf":[],"_links":{"self":[{"href":"https:\/\/mrfoxcasting.com\/en\/wp-json\/wp\/v2\/pages\/11403","targetHints":{"allow":["GET"]}}],"collection":[{"href":"https:\/\/mrfoxcasting.com\/en\/wp-json\/wp\/v2\/pages"}],"about":[{"href":"https:\/\/mrfoxcasting.com\/en\/wp-json\/wp\/v2\/types\/page"}],"author":[{"embeddable":true,"href":"https:\/\/mrfoxcasting.com\/en\/wp-json\/wp\/v2\/users\/1"}],"replies":[{"embeddable":true,"href":"https:\/\/mrfoxcasting.com\/en\/wp-json\/wp\/v2\/comments?post=11403"}],"version-history":[{"count":13,"href":"https:\/\/mrfoxcasting.com\/en\/wp-json\/wp\/v2\/pages\/11403\/revisions"}],"predecessor-version":[{"id":12143,"href":"https:\/\/mrfoxcasting.com\/en\/wp-json\/wp\/v2\/pages\/11403\/revisions\/12143"}],"wp:attachment":[{"href":"https:\/\/mrfoxcasting.com\/en\/wp-json\/wp\/v2\/media?parent=11403"}],"curies":[{"name":"wp","href":"https:\/\/api.w.org\/{rel}","templated":true}]}}